{"id":6874,"date":"2020-08-11T10:44:06","date_gmt":"2020-08-11T08:44:06","guid":{"rendered":"https:\/\/www.guillaumeteillet.com\/?page_id=6874"},"modified":"2020-08-11T22:54:09","modified_gmt":"2020-08-11T20:54:09","slug":"qui-suis-je","status":"publish","type":"page","link":"https:\/\/guillaumeteillet.com\/en\/qui-suis-je\/","title":{"rendered":"Qui suis-je ?"},"content":{"rendered":"<div id=\"fws_6a0466914f6b0\"  data-column-margin=\"default\" data-midnight=\"dark\"  data-bg-mobile-hidden=\"\" class=\"wpb_row vc_row-fluid vc_row standard_section\"  style=\"padding-top: 0px; padding-bottom: 0px; \"><div class=\"row-bg-wrap\" data-bg-animation=\"none\" data-bg-overlay=\"false\"><div class=\"inner-wrap\"><div class=\"row-bg\"  style=\"\"><\/div><\/div><div class=\"row-bg-overlay\" ><\/div><\/div><div class=\"col span_12 dark left\">\n\t<div  class=\"vc_col-sm-12 wpb_column column_container vc_column_container col no-extra-padding\"  data-t-w-inherits=\"default\" data-border-radius=\"none\" data-shadow=\"none\" data-border-animation=\"\" data-border-animation-delay=\"\" data-border-width=\"none\" data-border-style=\"solid\" data-border-color=\"\" data-bg-cover=\"\" data-padding-pos=\"all\" data-has-bg-color=\"false\" data-bg-color=\"\" data-bg-opacity=\"1\" data-hover-bg=\"\" data-hover-bg-opacity=\"1\" data-animation=\"\" data-delay=\"0\" >\n\t\t<div class=\"vc_column-inner\" ><div class=\"column-bg-overlay-wrap\" data-bg-animation=\"none\"><div class=\"column-bg-overlay\"><\/div><\/div>\n\t\t\t<div class=\"wpb_wrapper\">\n\t\t\t\t\r\n<div class=\"wpb_text_column wpb_content_element\" >\r\n\t<div class=\"wpb_wrapper\">\r\n\t\t<h2 style=\"text-align: center;\">Qui suis-je ?<\/h2>\n\t<\/div>\r\n<\/div>\r\n\r\n\r\n\r\n<div id=\"fws_6a046691501cc\" data-midnight=\"\" data-column-margin=\"default\" data-bg-mobile-hidden=\"\" class=\"wpb_row vc_row-fluid vc_row inner_row standard_section\"  style=\"padding-top: 0px; padding-bottom: 0px; \"><div class=\"row-bg-wrap\"> <div class=\"row-bg\"  style=\"\"><\/div> <\/div><div class=\"col span_12  left\">\n\t<div  class=\"vc_col-sm-6 wpb_column column_container vc_column_container col child_column no-extra-padding\"   data-t-w-inherits=\"default\" data-shadow=\"none\" data-border-radius=\"none\" data-border-animation=\"\" data-border-animation-delay=\"\" data-border-width=\"none\" data-border-style=\"solid\" data-border-color=\"\" data-bg-cover=\"\" data-padding-pos=\"all\" data-has-bg-color=\"false\" data-bg-color=\"\" data-bg-opacity=\"1\" data-hover-bg=\"\" data-hover-bg-opacity=\"1\" data-animation=\"\" data-delay=\"0\">\n\t\t<div class=\"vc_column-inner\" ><div class=\"column-bg-overlay-wrap\" data-bg-animation=\"none\"><div class=\"column-bg-overlay\"><\/div><\/div>\n\t\t<div class=\"wpb_wrapper\">\n\t\t\t<div class=\"img-with-aniamtion-wrap right\" data-max-width=\"100%\" data-max-width-mobile=\"default\" data-border-radius=\"none\" data-shadow=\"none\" data-animation=\"fade-in\" >\r\n      <div class=\"inner\">\r\n        <div class=\"hover-wrap\" data-hover-animation=\"none\"> \r\n          <div class=\"hover-wrap-inner\">\r\n            <img loading=\"lazy\" decoding=\"async\" class=\"img-with-animation skip-lazy\" data-delay=\"0\" height=\"594\" width=\"426\" data-animation=\"fade-in\" src=\"https:\/\/guillaumeteillet.com\/wp-content\/uploads\/2020\/08\/Guillaume_T-E.jpeg-2.jpeg\" alt=\"\" srcset=\"https:\/\/guillaumeteillet.com\/wp-content\/uploads\/2020\/08\/Guillaume_T-E.jpeg-2.jpeg 426w, https:\/\/guillaumeteillet.com\/wp-content\/uploads\/2020\/08\/Guillaume_T-E.jpeg-2-300x418.jpeg 300w, https:\/\/guillaumeteillet.com\/wp-content\/uploads\/2020\/08\/Guillaume_T-E.jpeg-2-215x300.jpeg 215w\" sizes=\"(min-width: 1450px) 75vw, (min-width: 1000px) 85vw, 100vw\" \/>\r\n          <\/div>\r\n        <\/div>\r\n      <\/div>\r\n    <\/div>\n\t\t<\/div> \n\t<\/div>\n\t<\/div> \n\n\t<div  class=\"vc_col-sm-6 wpb_column column_container vc_column_container col child_column no-extra-padding\"   data-t-w-inherits=\"default\" data-shadow=\"none\" data-border-radius=\"none\" data-border-animation=\"\" data-border-animation-delay=\"\" data-border-width=\"none\" data-border-style=\"solid\" data-border-color=\"\" data-bg-cover=\"\" data-padding-pos=\"all\" data-has-bg-color=\"false\" data-bg-color=\"\" data-bg-opacity=\"1\" data-hover-bg=\"\" data-hover-bg-opacity=\"1\" data-animation=\"\" data-delay=\"0\">\n\t\t<div class=\"vc_column-inner\" ><div class=\"column-bg-overlay-wrap\" data-bg-animation=\"none\"><div class=\"column-bg-overlay\"><\/div><\/div>\n\t\t<div class=\"wpb_wrapper\">\n\t\t\t\r\n<div class=\"wpb_text_column wpb_content_element\" >\r\n\t<div class=\"wpb_wrapper\">\r\n\t\t<p>Bonjour !<\/p>\n<p>Je m&#8217;appelle<strong> Guillaume TEILLET<\/strong> et je vous souhaite la bienvenue sur mon blog !<\/p>\n<p>Ing\u00e9nieur logiciel de formation, je suis parti vivre \u00e0 Singapour \u00e0 la fin de mes \u00e9tudes. Apr\u00e8s quelques ann\u00e9es sur place \u00e0 travailler pour des banques et des grandes entreprises,<strong> j&#8217;ai tout quitt\u00e9 pour devenir <\/strong><em><strong>Digital Nomad<\/strong> <\/em>: aujourd&#8217;hui, je suis en t\u00e9l\u00e9travail \u00e0 plein temps et je voyage autour du monde.<\/p>\n<p>Sur ce blog, je partage ma passion pour <a href=\"https:\/\/guillaumeteillet.com\/en\/category\/entrepreneuriat\/\">l\u2019entrepreneuriat<\/a>, l\u2019investissement (<a href=\"https:\/\/guillaumeteillet.com\/en\/category\/bourse\/\">Bourse<\/a>,\u00a0<a href=\"https:\/\/guillaumeteillet.com\/en\/category\/immobilier\/\">Immobilier<\/a>,\u00a0<a href=\"https:\/\/guillaumeteillet.com\/en\/category\/cryptomonnaie\/\">Cryptomonnaie<\/a>\u2026), <a href=\"https:\/\/guillaumeteillet.com\/en\/category\/voyages\/\">le voyage<\/a>, <a href=\"https:\/\/guillaumeteillet.com\/en\/category\/bibliotheque\/\">les livres<\/a>, et la technologie\u2026<\/p>\n<p>N&#8217;h\u00e9sitez pas \u00e0 poser vos questions ou vos t\u00e9moignages en commentaires : je les lis et j&#8217;y r\u00e9ponds aussi souvent que possible.<\/p>\n<p>Vous pouvez aussi me suivre sur <a href=\"https:\/\/www.instagram.com\/guillaumeteillet\/\">Instagram<\/a> ou sur <a href=\"https:\/\/www.facebook.com\/guillaumeteillet\/\">Facebook<\/a> o\u00f9 je suis pr\u00e9sent plus r\u00e9guli\u00e8rement que sur ce blog !<\/p>\n<p style=\"text-align: right;\">Bonne lecture !<\/p>\n<p style=\"text-align: right;\">Guillaume TEILLET<\/p>\n<p style=\"text-align: right;\"><img loading=\"lazy\" decoding=\"async\" class=\"alignnone wp-image-6886\" src=\"https:\/\/www.guillaumeteillet.com\/wp-content\/uploads\/2020\/08\/SignatureGuillaume.png\" alt=\"\" width=\"200\" height=\"81\" srcset=\"https:\/\/guillaumeteillet.com\/wp-content\/uploads\/2020\/08\/SignatureGuillaume.png 1690w, https:\/\/guillaumeteillet.com\/wp-content\/uploads\/2020\/08\/SignatureGuillaume-300x121.png 300w, https:\/\/guillaumeteillet.com\/wp-content\/uploads\/2020\/08\/SignatureGuillaume-1024x414.png 1024w, https:\/\/guillaumeteillet.com\/wp-content\/uploads\/2020\/08\/SignatureGuillaume-768x311.png 768w, https:\/\/guillaumeteillet.com\/wp-content\/uploads\/2020\/08\/SignatureGuillaume-1536x622.png 1536w\" sizes=\"(max-width: 200px) 100vw, 200px\" \/><\/p>\n\t<\/div>\r\n<\/div>\r\n\r\n\r\n\r\n\n\t\t<\/div> \n\t<\/div>\n\t<\/div> \n<\/div><\/div>\n\t\t\t<\/div> \n\t\t<\/div>\n\t<\/div> \n<\/div><\/div>","protected":false},"excerpt":{"rendered":"Qui suis-je ? Bonjour ! Je m'appelle Guillaume TEILLET et je vous souhaite la bienvenue sur mon blog ! Ing\u00e9nieur logiciel de formation, je suis parti vivre \u00e0 Singapour \u00e0...","protected":false},"author":1,"featured_media":0,"parent":0,"menu_order":0,"comment_status":"closed","ping_status":"closed","template":"","meta":{"footnotes":""},"class_list":["post-6874","page","type-page","status-publish"],"yoast_head":"<!-- This site is optimized with the Yoast SEO plugin v24.2 - https:\/\/yoast.com\/wordpress\/plugins\/seo\/ -->\n<title>Qui suis-je ? - Guillaume TEILLET<\/title>\n<meta name=\"robots\" content=\"index, follow, max-snippet:-1, max-image-preview:large, max-video-preview:-1\" \/>\n<link rel=\"canonical\" href=\"https:\/\/guillaumeteillet.com\/en\/qui-suis-je\/\" \/>\n<meta property=\"og:locale\" content=\"en_US\" \/>\n<meta property=\"og:type\" content=\"article\" \/>\n<meta property=\"og:title\" content=\"Qui suis-je ? - Guillaume TEILLET\" \/>\n<meta property=\"og:url\" content=\"https:\/\/guillaumeteillet.com\/en\/qui-suis-je\/\" \/>\n<meta property=\"og:site_name\" content=\"Guillaume TEILLET\" \/>\n<meta property=\"article:modified_time\" content=\"2020-08-11T20:54:09+00:00\" \/>\n<meta property=\"og:image\" content=\"https:\/\/www.guillaumeteillet.com\/wp-content\/uploads\/2020\/08\/SignatureGuillaume.png\" \/>\n<meta name=\"twitter:card\" content=\"summary_large_image\" \/>\n<meta name=\"twitter:label1\" content=\"Est. reading time\" \/>\n\t<meta name=\"twitter:data1\" content=\"2 minutes\" \/>\n<script type=\"application\/ld+json\" class=\"yoast-schema-graph\">{\"@context\":\"https:\/\/schema.org\",\"@graph\":[{\"@type\":\"WebPage\",\"@id\":\"https:\/\/guillaumeteillet.com\/qui-suis-je\/\",\"url\":\"https:\/\/guillaumeteillet.com\/qui-suis-je\/\",\"name\":\"Qui suis-je ? - Guillaume TEILLET\",\"isPartOf\":{\"@id\":\"https:\/\/guillaumeteillet.com\/#website\"},\"primaryImageOfPage\":{\"@id\":\"https:\/\/guillaumeteillet.com\/qui-suis-je\/#primaryimage\"},\"image\":{\"@id\":\"https:\/\/guillaumeteillet.com\/qui-suis-je\/#primaryimage\"},\"thumbnailUrl\":\"https:\/\/www.guillaumeteillet.com\/wp-content\/uploads\/2020\/08\/SignatureGuillaume.png\",\"datePublished\":\"2020-08-11T08:44:06+00:00\",\"dateModified\":\"2020-08-11T20:54:09+00:00\",\"breadcrumb\":{\"@id\":\"https:\/\/guillaumeteillet.com\/qui-suis-je\/#breadcrumb\"},\"inLanguage\":\"en-US\",\"potentialAction\":[{\"@type\":\"ReadAction\",\"target\":[\"https:\/\/guillaumeteillet.com\/qui-suis-je\/\"]}]},{\"@type\":\"ImageObject\",\"inLanguage\":\"en-US\",\"@id\":\"https:\/\/guillaumeteillet.com\/qui-suis-je\/#primaryimage\",\"url\":\"https:\/\/www.guillaumeteillet.com\/wp-content\/uploads\/2020\/08\/SignatureGuillaume.png\",\"contentUrl\":\"https:\/\/www.guillaumeteillet.com\/wp-content\/uploads\/2020\/08\/SignatureGuillaume.png\"},{\"@type\":\"BreadcrumbList\",\"@id\":\"https:\/\/guillaumeteillet.com\/qui-suis-je\/#breadcrumb\",\"itemListElement\":[{\"@type\":\"ListItem\",\"position\":1,\"name\":\"Accueil\",\"item\":\"http:\/\/guillaumeteillet.com\/\"},{\"@type\":\"ListItem\",\"position\":2,\"name\":\"Qui suis-je ?\"}]},{\"@type\":\"WebSite\",\"@id\":\"https:\/\/guillaumeteillet.com\/#website\",\"url\":\"https:\/\/guillaumeteillet.com\/\",\"name\":\"Guillaume TEILLET\",\"description\":\"Cr\u00e9er - Entreprendre - Investir - Partager\",\"potentialAction\":[{\"@type\":\"SearchAction\",\"target\":{\"@type\":\"EntryPoint\",\"urlTemplate\":\"https:\/\/guillaumeteillet.com\/?s={search_term_string}\"},\"query-input\":{\"@type\":\"PropertyValueSpecification\",\"valueRequired\":true,\"valueName\":\"search_term_string\"}}],\"inLanguage\":\"en-US\"}]}<\/script>\n<!-- \/ Yoast SEO plugin. -->","yoast_head_json":{"title":"Qui suis-je ? - Guillaume TEILLET","robots":{"index":"index","follow":"follow","max-snippet":"max-snippet:-1","max-image-preview":"max-image-preview:large","max-video-preview":"max-video-preview:-1"},"canonical":"https:\/\/guillaumeteillet.com\/en\/qui-suis-je\/","og_locale":"en_US","og_type":"article","og_title":"Qui suis-je ? - Guillaume TEILLET","og_url":"https:\/\/guillaumeteillet.com\/en\/qui-suis-je\/","og_site_name":"Guillaume TEILLET","article_modified_time":"2020-08-11T20:54:09+00:00","og_image":[{"url":"https:\/\/www.guillaumeteillet.com\/wp-content\/uploads\/2020\/08\/SignatureGuillaume.png","type":"","width":"","height":""}],"twitter_card":"summary_large_image","twitter_misc":{"Est. reading time":"2 minutes"},"schema":{"@context":"https:\/\/schema.org","@graph":[{"@type":"WebPage","@id":"https:\/\/guillaumeteillet.com\/qui-suis-je\/","url":"https:\/\/guillaumeteillet.com\/qui-suis-je\/","name":"Qui suis-je ? - Guillaume TEILLET","isPartOf":{"@id":"https:\/\/guillaumeteillet.com\/#website"},"primaryImageOfPage":{"@id":"https:\/\/guillaumeteillet.com\/qui-suis-je\/#primaryimage"},"image":{"@id":"https:\/\/guillaumeteillet.com\/qui-suis-je\/#primaryimage"},"thumbnailUrl":"https:\/\/www.guillaumeteillet.com\/wp-content\/uploads\/2020\/08\/SignatureGuillaume.png","datePublished":"2020-08-11T08:44:06+00:00","dateModified":"2020-08-11T20:54:09+00:00","breadcrumb":{"@id":"https:\/\/guillaumeteillet.com\/qui-suis-je\/#breadcrumb"},"inLanguage":"en-US","potentialAction":[{"@type":"ReadAction","target":["https:\/\/guillaumeteillet.com\/qui-suis-je\/"]}]},{"@type":"ImageObject","inLanguage":"en-US","@id":"https:\/\/guillaumeteillet.com\/qui-suis-je\/#primaryimage","url":"https:\/\/www.guillaumeteillet.com\/wp-content\/uploads\/2020\/08\/SignatureGuillaume.png","contentUrl":"https:\/\/www.guillaumeteillet.com\/wp-content\/uploads\/2020\/08\/SignatureGuillaume.png"},{"@type":"BreadcrumbList","@id":"https:\/\/guillaumeteillet.com\/qui-suis-je\/#breadcrumb","itemListElement":[{"@type":"ListItem","position":1,"name":"Accueil","item":"http:\/\/guillaumeteillet.com\/"},{"@type":"ListItem","position":2,"name":"Qui suis-je ?"}]},{"@type":"WebSite","@id":"https:\/\/guillaumeteillet.com\/#website","url":"https:\/\/guillaumeteillet.com\/","name":"Guillaume TEILLET","description":"Cr\u00e9er - Entreprendre - Investir - Partager","potentialAction":[{"@type":"SearchAction","target":{"@type":"EntryPoint","urlTemplate":"https:\/\/guillaumeteillet.com\/?s={search_term_string}"},"query-input":{"@type":"PropertyValueSpecification","valueRequired":true,"valueName":"search_term_string"}}],"inLanguage":"en-US"}]}},"_links":{"self":[{"href":"https:\/\/guillaumeteillet.com\/en\/wp-json\/wp\/v2\/pages\/6874"}],"collection":[{"href":"https:\/\/guillaumeteillet.com\/en\/wp-json\/wp\/v2\/pages"}],"about":[{"href":"https:\/\/guillaumeteillet.com\/en\/wp-json\/wp\/v2\/types\/page"}],"author":[{"embeddable":true,"href":"https:\/\/guillaumeteillet.com\/en\/wp-json\/wp\/v2\/users\/1"}],"replies":[{"embeddable":true,"href":"https:\/\/guillaumeteillet.com\/en\/wp-json\/wp\/v2\/comments?post=6874"}],"version-history":[{"count":17,"href":"https:\/\/guillaumeteillet.com\/en\/wp-json\/wp\/v2\/pages\/6874\/revisions"}],"predecessor-version":[{"id":6894,"href":"https:\/\/guillaumeteillet.com\/en\/wp-json\/wp\/v2\/pages\/6874\/revisions\/6894"}],"wp:attachment":[{"href":"https:\/\/guillaumeteillet.com\/en\/wp-json\/wp\/v2\/media?parent=6874"}],"curies":[{"name":"wp","href":"https:\/\/api.w.org\/{rel}","templated":true}]}}