{"id":8422,"date":"2024-10-15T19:11:27","date_gmt":"2024-10-15T17:11:27","guid":{"rendered":"https:\/\/guillaumeteillet.com\/panier"},"modified":"2024-10-16T17:13:18","modified_gmt":"2024-10-16T15:13:18","slug":"panier","status":"publish","type":"page","link":"https:\/\/guillaumeteillet.com\/en\/panier\/","title":{"rendered":"Panier"},"content":{"rendered":"<div data-block-name=\"woocommerce\/cart\" class=\"wp-block-woocommerce-cart alignwide is-loading\"><div data-block-name=\"woocommerce\/filled-cart-block\" class=\"wp-block-woocommerce-filled-cart-block\"><div data-block-name=\"woocommerce\/cart-items-block\" class=\"wp-block-woocommerce-cart-items-block\"><div data-block-name=\"woocommerce\/cart-line-items-block\" class=\"wp-block-woocommerce-cart-line-items-block\"><\/div>\n\n<div data-block-name=\"woocommerce\/cart-cross-sells-block\" class=\"wp-block-woocommerce-cart-cross-sells-block\"><h2 class=\"wp-block-heading has-large-font-size\">\u00c7a peut vous int\u00e9resser&#8230;<\/h2>\n\n<div data-block-name=\"woocommerce\/cart-cross-sells-products-block\" class=\"wp-block-woocommerce-cart-cross-sells-products-block\"><\/div><\/div><\/div>\n\n<div data-block-name=\"woocommerce\/cart-totals-block\" class=\"wp-block-woocommerce-cart-totals-block\"><div data-block-name=\"woocommerce\/cart-order-summary-block\" class=\"wp-block-woocommerce-cart-order-summary-block\"><div data-block-name=\"woocommerce\/cart-order-summary-heading-block\" class=\"wp-block-woocommerce-cart-order-summary-heading-block\"><\/div><div data-block-name=\"woocommerce\/cart-order-summary-coupon-form-block\" class=\"wp-block-woocommerce-cart-order-summary-coupon-form-block\"><\/div><div data-block-name=\"woocommerce\/cart-order-summary-totals-block\" class=\"wp-block-woocommerce-cart-order-summary-totals-block\">\n<div data-block-name=\"woocommerce\/cart-order-summary-subtotal-block\" class=\"wp-block-woocommerce-cart-order-summary-subtotal-block\"><\/div>\n<div data-block-name=\"woocommerce\/cart-order-summary-discount-block\" class=\"wp-block-woocommerce-cart-order-summary-discount-block\"><\/div>\n<div data-block-name=\"woocommerce\/cart-order-summary-fee-block\" class=\"wp-block-woocommerce-cart-order-summary-fee-block\"><\/div>\n<div data-block-name=\"woocommerce\/cart-order-summary-shipping-block\" class=\"wp-block-woocommerce-cart-order-summary-shipping-block\"><\/div>\n<div data-block-name=\"woocommerce\/cart-order-summary-taxes-block\" class=\"wp-block-woocommerce-cart-order-summary-taxes-block\"><\/div><\/div><\/div>\n\n<div data-block-name=\"woocommerce\/cart-express-payment-block\" class=\"wp-block-woocommerce-cart-express-payment-block\"><\/div>\n\n<div data-block-name=\"woocommerce\/proceed-to-checkout-block\" class=\"wp-block-woocommerce-proceed-to-checkout-block\"><\/div>\n\n<div data-block-name=\"woocommerce\/cart-accepted-payment-methods-block\" class=\"wp-block-woocommerce-cart-accepted-payment-methods-block\"><\/div><\/div><\/div>\n\n<div data-block-name=\"woocommerce\/empty-cart-block\" class=\"wp-block-woocommerce-empty-cart-block\"><h2 class=\"wp-block-heading has-text-align-center with-empty-cart-icon wc-block-cart__empty-cart__title\">Votre panier est actuellement vide\u00a0!<\/h2>\n\n<hr class=\"wp-block-separator has-alpha-channel-opacity is-style-dots\"\/>\n\n<h2 class=\"wp-block-heading has-text-align-center\">Nouveau dans la boutique<\/h2>\n\n<div data-block-name=\"woocommerce\/product-new\" data-columns=\"4\" data-rows=\"1\" class=\"wc-block-grid wp-block-product-new wp-block-woocommerce-product-new wc-block-product-new has-4-columns\"><ul class=\"wc-block-grid__products\"><li class=\"wc-block-grid__product\">\n\t\t\t\t<a href=\"https:\/\/guillaumeteillet.com\/en\/product\/realiser-une-etude-de-marche-efficace-et-professionnelle-valider-votre-idee-de-business-avant-de-vous-lancer\/\" class=\"wc-block-grid__product-link\">\n\t\t\t\t\t\n\t\t\t\t\t<div class=\"wc-block-grid__product-image\"><img loading=\"lazy\" decoding=\"async\" width=\"300\" height=\"177\" src=\"https:\/\/guillaumeteillet.com\/wp-content\/uploads\/2024\/10\/Miniature-1-300x177.png\" class=\"attachment-woocommerce_thumbnail size-woocommerce_thumbnail\" alt=\"R\u00c9ALISER UNE \u00c9TUDE DE MARCH\u00c9 EFFICACE ET PROFESSIONNELLE : Valider votre id\u00e9e de business avant de vous lancer !\" srcset=\"https:\/\/guillaumeteillet.com\/wp-content\/uploads\/2024\/10\/Miniature-1-300x177.png 300w, https:\/\/guillaumeteillet.com\/wp-content\/uploads\/2024\/10\/Miniature-1-18x12.png 18w, https:\/\/guillaumeteillet.com\/wp-content\/uploads\/2024\/10\/Miniature-1.png 750w\" sizes=\"(max-width: 300px) 100vw, 300px\" \/><\/div>\n\t\t\t\t\t<div class=\"wc-block-grid__product-title\">R\u00c9ALISER UNE \u00c9TUDE DE MARCH\u00c9 EFFICACE ET PROFESSIONNELLE : Valider votre id\u00e9e de business avant de vous lancer !<\/div>\n\t\t\t\t<\/a>\n\t\t\t\t<div class=\"wc-block-grid__product-price price\"><span class=\"woocommerce-Price-amount amount\">9,99&nbsp;<span class=\"woocommerce-Price-currencySymbol\">&euro;<\/span><\/span><\/div>\n\t\t\t\t\n\t\t\t\t<div class=\"wp-block-button wc-block-grid__product-add-to-cart\"><a href=\"?add-to-cart=9359\" aria-label=\"Add to cart: \u201cR\u00c9ALISER UNE \u00c9TUDE DE MARCH\u00c9 EFFICACE ET PROFESSIONNELLE : Valider votre id\u00e9e de business avant de vous lancer !\u201d\" data-quantity=\"1\" data-product_id=\"9359\" data-product_sku=\"\" data-price=\"9.99\" rel=\"nofollow\" class=\"wp-block-button__link  add_to_cart_button ajax_add_to_cart\" data-no-translation=\"\" data-trp-gettext=\"\" data-no-translation-aria-label=\"\">Add to cart<\/a><\/div>\n\t\t\t<\/li><li class=\"wc-block-grid__product\">\n\t\t\t\t<a href=\"https:\/\/guillaumeteillet.com\/en\/product\/limmobilier-2-0-investissez-dans-limmobilier-aux-usa-depuis-chez-vous\/\" class=\"wc-block-grid__product-link\">\n\t\t\t\t\t<div class=\"wc-block-grid__product-onsale\">\n\t\t\t<span aria-hidden=\"true\" data-no-translation=\"\" data-trp-gettext=\"\">Sale<\/span>\n\t\t\t<span class=\"screen-reader-text\" data-no-translation=\"\" data-trp-gettext=\"\">Product on sale<\/span>\n\t\t<\/div>\n\t\t\t\t\t<div class=\"wc-block-grid__product-image\"><img loading=\"lazy\" decoding=\"async\" width=\"300\" height=\"169\" src=\"https:\/\/guillaumeteillet.com\/wp-content\/uploads\/2024\/10\/3881198_99bc-300x169.jpeg\" class=\"attachment-woocommerce_thumbnail size-woocommerce_thumbnail\" alt=\"L&#039;IMMOBILIER 2.0 \u2122 : Investissez dans l&#039;immobilier aux USA depuis chez vous !\" srcset=\"https:\/\/guillaumeteillet.com\/wp-content\/uploads\/2024\/10\/3881198_99bc-300x169.jpeg 300w, https:\/\/guillaumeteillet.com\/wp-content\/uploads\/2024\/10\/3881198_99bc.jpeg 480w\" sizes=\"(max-width: 300px) 100vw, 300px\" \/><\/div>\n\t\t\t\t\t<div class=\"wc-block-grid__product-title\">L&#8217;IMMOBILIER 2.0 \u2122 : Investissez dans l&#8217;immobilier aux USA depuis chez vous !<\/div>\n\t\t\t\t<\/a>\n\t\t\t\t<div class=\"wc-block-grid__product-price price\"><del aria-hidden=\"true\"><span class=\"woocommerce-Price-amount amount\">9,99&nbsp;<span class=\"woocommerce-Price-currencySymbol\">&euro;<\/span><\/span><\/del> <span class=\"screen-reader-text\" data-no-translation=\"\" data-trp-gettext=\"\">Original price was: 9,99&nbsp;&euro;.<\/span><ins aria-hidden=\"true\"><span class=\"woocommerce-Price-amount amount\">0,00&nbsp;<span class=\"woocommerce-Price-currencySymbol\">&euro;<\/span><\/span><\/ins><span class=\"screen-reader-text\" data-no-translation=\"\" data-trp-gettext=\"\">Current price is: 0,00&nbsp;&euro;.<\/span><\/div>\n\t\t\t\t\n\t\t\t\t<div class=\"wp-block-button wc-block-grid__product-add-to-cart\"><a href=\"?add-to-cart=9252\" aria-label=\"Add to cart: \u201cL&#039;IMMOBILIER 2.0 \u2122 : Investissez dans l&#039;immobilier aux USA depuis chez vous !\u201d\" data-quantity=\"1\" data-product_id=\"9252\" data-product_sku=\"\" data-price=\"0\" rel=\"nofollow\" class=\"wp-block-button__link  add_to_cart_button ajax_add_to_cart\" data-no-translation=\"\" data-trp-gettext=\"\" data-no-translation-aria-label=\"\">Add to cart<\/a><\/div>\n\t\t\t<\/li><li class=\"wc-block-grid__product\">\n\t\t\t\t<a href=\"https:\/\/guillaumeteillet.com\/en\/product\/le-guide-complet-pour-miner-du-bitcoin-avec-le-cloud-aws\/\" class=\"wc-block-grid__product-link\">\n\t\t\t\t\t\n\t\t\t\t\t<div class=\"wc-block-grid__product-image\"><img loading=\"lazy\" decoding=\"async\" width=\"300\" height=\"169\" src=\"https:\/\/guillaumeteillet.com\/wp-content\/uploads\/2024\/10\/CloudIcon-300x169.png\" class=\"attachment-woocommerce_thumbnail size-woocommerce_thumbnail\" alt=\"Le guide COMPLET pour miner du Bitcoin avec le cloud AWS\" srcset=\"https:\/\/guillaumeteillet.com\/wp-content\/uploads\/2024\/10\/CloudIcon-300x169.png 300w, https:\/\/guillaumeteillet.com\/wp-content\/uploads\/2024\/10\/CloudIcon.png 750w\" sizes=\"(max-width: 300px) 100vw, 300px\" \/><\/div>\n\t\t\t\t\t<div class=\"wc-block-grid__product-title\">Le guide COMPLET pour miner du Bitcoin avec le cloud AWS<\/div>\n\t\t\t\t<\/a>\n\t\t\t\t<div class=\"wc-block-grid__product-price price\"><span class=\"woocommerce-Price-amount amount\">9,99&nbsp;<span class=\"woocommerce-Price-currencySymbol\">&euro;<\/span><\/span><\/div>\n\t\t\t\t\n\t\t\t\t<div class=\"wp-block-button wc-block-grid__product-add-to-cart\"><a href=\"?add-to-cart=9190\" aria-label=\"Add to cart: \u201cLe guide COMPLET pour miner du Bitcoin avec le cloud AWS\u201d\" data-quantity=\"1\" data-product_id=\"9190\" data-product_sku=\"\" data-price=\"9.99\" rel=\"nofollow\" class=\"wp-block-button__link  add_to_cart_button ajax_add_to_cart\" data-no-translation=\"\" data-trp-gettext=\"\" data-no-translation-aria-label=\"\">Add to cart<\/a><\/div>\n\t\t\t<\/li><li class=\"wc-block-grid__product\">\n\t\t\t\t<a href=\"https:\/\/guillaumeteillet.com\/en\/product\/creer-votre-cryptomonnaie-grace-aux-tokens-erc-20-sur-polygon\/\" class=\"wc-block-grid__product-link\">\n\t\t\t\t\t\n\t\t\t\t\t<div class=\"wc-block-grid__product-image\"><img loading=\"lazy\" decoding=\"async\" width=\"300\" height=\"169\" src=\"https:\/\/guillaumeteillet.com\/wp-content\/uploads\/2024\/10\/POLYGON-300x169.png\" class=\"attachment-woocommerce_thumbnail size-woocommerce_thumbnail\" alt=\"Cr\u00e9er votre cryptomonnaie gr\u00e2ce aux tokens ERC-20 sur Polygon!\" srcset=\"https:\/\/guillaumeteillet.com\/wp-content\/uploads\/2024\/10\/POLYGON-300x169.png 300w, https:\/\/guillaumeteillet.com\/wp-content\/uploads\/2024\/10\/POLYGON.png 750w\" sizes=\"(max-width: 300px) 100vw, 300px\" \/><\/div>\n\t\t\t\t\t<div class=\"wc-block-grid__product-title\">Cr\u00e9er votre cryptomonnaie gr\u00e2ce aux tokens ERC-20 sur Polygon!<\/div>\n\t\t\t\t<\/a>\n\t\t\t\t<div class=\"wc-block-grid__product-price price\"><span class=\"woocommerce-Price-amount amount\">9,99&nbsp;<span class=\"woocommerce-Price-currencySymbol\">&euro;<\/span><\/span><\/div>\n\t\t\t\t\n\t\t\t\t<div class=\"wp-block-button wc-block-grid__product-add-to-cart\"><a href=\"?add-to-cart=9066\" aria-label=\"Add to cart: \u201cCr\u00e9er votre cryptomonnaie gr\u00e2ce aux tokens ERC-20 sur Polygon!\u201d\" data-quantity=\"1\" data-product_id=\"9066\" data-product_sku=\"\" data-price=\"9.99\" rel=\"nofollow\" class=\"wp-block-button__link  add_to_cart_button ajax_add_to_cart\" data-no-translation=\"\" data-trp-gettext=\"\" data-no-translation-aria-label=\"\">Add to cart<\/a><\/div>\n\t\t\t<\/li><\/ul><\/div><\/div><\/div>","protected":false},"excerpt":{"rendered":"\u00c7a peut vous int\u00e9resser... Votre panier est actuellement vide\u00a0! Nouveau dans la boutique","protected":false},"author":1,"featured_media":0,"parent":0,"menu_order":0,"comment_status":"closed","ping_status":"closed","template":"","meta":{"footnotes":""},"class_list":["post-8422","page","type-page","status-publish"],"yoast_head":"<!-- This site is optimized with the Yoast SEO plugin v24.2 - https:\/\/yoast.com\/wordpress\/plugins\/seo\/ -->\n<title>Panier - Guillaume TEILLET<\/title>\n<meta name=\"robots\" content=\"index, follow, max-snippet:-1, max-image-preview:large, max-video-preview:-1\" \/>\n<link rel=\"canonical\" href=\"https:\/\/guillaumeteillet.com\/en\/panier\/\" \/>\n<meta property=\"og:locale\" content=\"en_US\" \/>\n<meta property=\"og:type\" content=\"article\" \/>\n<meta property=\"og:title\" content=\"Panier - Guillaume TEILLET\" \/>\n<meta property=\"og:url\" content=\"https:\/\/guillaumeteillet.com\/en\/panier\/\" \/>\n<meta property=\"og:site_name\" content=\"Guillaume TEILLET\" \/>\n<meta property=\"article:modified_time\" content=\"2024-10-16T15:13:18+00:00\" \/>\n<meta name=\"twitter:card\" content=\"summary_large_image\" \/>\n<script type=\"application\/ld+json\" class=\"yoast-schema-graph\">{\"@context\":\"https:\/\/schema.org\",\"@graph\":[{\"@type\":\"WebPage\",\"@id\":\"https:\/\/guillaumeteillet.com\/panier\/\",\"url\":\"https:\/\/guillaumeteillet.com\/panier\/\",\"name\":\"Panier - Guillaume TEILLET\",\"isPartOf\":{\"@id\":\"https:\/\/guillaumeteillet.com\/#website\"},\"datePublished\":\"2024-10-15T17:11:27+00:00\",\"dateModified\":\"2024-10-16T15:13:18+00:00\",\"breadcrumb\":{\"@id\":\"https:\/\/guillaumeteillet.com\/panier\/#breadcrumb\"},\"inLanguage\":\"en-US\",\"potentialAction\":[{\"@type\":\"ReadAction\",\"target\":[\"https:\/\/guillaumeteillet.com\/panier\/\"]}]},{\"@type\":\"BreadcrumbList\",\"@id\":\"https:\/\/guillaumeteillet.com\/panier\/#breadcrumb\",\"itemListElement\":[{\"@type\":\"ListItem\",\"position\":1,\"name\":\"Accueil\",\"item\":\"http:\/\/guillaumeteillet.com\/\"},{\"@type\":\"ListItem\",\"position\":2,\"name\":\"Panier\"}]},{\"@type\":\"WebSite\",\"@id\":\"https:\/\/guillaumeteillet.com\/#website\",\"url\":\"https:\/\/guillaumeteillet.com\/\",\"name\":\"Guillaume TEILLET\",\"description\":\"Cr\u00e9er - Entreprendre - Investir - Partager\",\"potentialAction\":[{\"@type\":\"SearchAction\",\"target\":{\"@type\":\"EntryPoint\",\"urlTemplate\":\"https:\/\/guillaumeteillet.com\/?s={search_term_string}\"},\"query-input\":{\"@type\":\"PropertyValueSpecification\",\"valueRequired\":true,\"valueName\":\"search_term_string\"}}],\"inLanguage\":\"en-US\"}]}<\/script>\n<!-- \/ Yoast SEO plugin. -->","yoast_head_json":{"title":"Panier - Guillaume TEILLET","robots":{"index":"index","follow":"follow","max-snippet":"max-snippet:-1","max-image-preview":"max-image-preview:large","max-video-preview":"max-video-preview:-1"},"canonical":"https:\/\/guillaumeteillet.com\/en\/panier\/","og_locale":"en_US","og_type":"article","og_title":"Panier - Guillaume TEILLET","og_url":"https:\/\/guillaumeteillet.com\/en\/panier\/","og_site_name":"Guillaume TEILLET","article_modified_time":"2024-10-16T15:13:18+00:00","twitter_card":"summary_large_image","schema":{"@context":"https:\/\/schema.org","@graph":[{"@type":"WebPage","@id":"https:\/\/guillaumeteillet.com\/panier\/","url":"https:\/\/guillaumeteillet.com\/panier\/","name":"Panier - Guillaume TEILLET","isPartOf":{"@id":"https:\/\/guillaumeteillet.com\/#website"},"datePublished":"2024-10-15T17:11:27+00:00","dateModified":"2024-10-16T15:13:18+00:00","breadcrumb":{"@id":"https:\/\/guillaumeteillet.com\/panier\/#breadcrumb"},"inLanguage":"en-US","potentialAction":[{"@type":"ReadAction","target":["https:\/\/guillaumeteillet.com\/panier\/"]}]},{"@type":"BreadcrumbList","@id":"https:\/\/guillaumeteillet.com\/panier\/#breadcrumb","itemListElement":[{"@type":"ListItem","position":1,"name":"Accueil","item":"http:\/\/guillaumeteillet.com\/"},{"@type":"ListItem","position":2,"name":"Panier"}]},{"@type":"WebSite","@id":"https:\/\/guillaumeteillet.com\/#website","url":"https:\/\/guillaumeteillet.com\/","name":"Guillaume TEILLET","description":"Cr\u00e9er - Entreprendre - Investir - Partager","potentialAction":[{"@type":"SearchAction","target":{"@type":"EntryPoint","urlTemplate":"https:\/\/guillaumeteillet.com\/?s={search_term_string}"},"query-input":{"@type":"PropertyValueSpecification","valueRequired":true,"valueName":"search_term_string"}}],"inLanguage":"en-US"}]}},"_links":{"self":[{"href":"https:\/\/guillaumeteillet.com\/en\/wp-json\/wp\/v2\/pages\/8422"}],"collection":[{"href":"https:\/\/guillaumeteillet.com\/en\/wp-json\/wp\/v2\/pages"}],"about":[{"href":"https:\/\/guillaumeteillet.com\/en\/wp-json\/wp\/v2\/types\/page"}],"author":[{"embeddable":true,"href":"https:\/\/guillaumeteillet.com\/en\/wp-json\/wp\/v2\/users\/1"}],"replies":[{"embeddable":true,"href":"https:\/\/guillaumeteillet.com\/en\/wp-json\/wp\/v2\/comments?post=8422"}],"version-history":[{"count":1,"href":"https:\/\/guillaumeteillet.com\/en\/wp-json\/wp\/v2\/pages\/8422\/revisions"}],"predecessor-version":[{"id":8471,"href":"https:\/\/guillaumeteillet.com\/en\/wp-json\/wp\/v2\/pages\/8422\/revisions\/8471"}],"wp:attachment":[{"href":"https:\/\/guillaumeteillet.com\/en\/wp-json\/wp\/v2\/media?parent=8422"}],"curies":[{"name":"wp","href":"https:\/\/api.w.org\/{rel}","templated":true}]}}